{"id":10,"date":"2021-12-08T21:01:31","date_gmt":"2021-12-08T21:01:31","guid":{"rendered":"https:\/\/moto-racing-darmstadt.de\/?page_id=10"},"modified":"2022-03-06T16:29:03","modified_gmt":"2022-03-06T16:29:03","slug":"home","status":"publish","type":"page","link":"https:\/\/moto-racing-darmstadt.de\/","title":{"rendered":"Startseite"},"content":{"rendered":"\n<div class=\"wp-block-cover alignfull\"><span aria-hidden=\"true\" class=\"has-background-dim-60 wp-block-cover__gradient-background has-background-dim\"><\/span><img loading=\"lazy\" decoding=\"async\" width=\"2272\" height=\"1704\" class=\"wp-block-cover__image-background wp-image-38\" alt=\"\" src=\"https:\/\/moto-racing-darmstadt.de\/wp-content\/uploads\/2021\/12\/pexels-pixabay-62674.jpeg\" style=\"object-position:50% 30%\" data-object-fit=\"cover\" data-object-position=\"50% 30%\" srcset=\"https:\/\/moto-racing-darmstadt.de\/wp-content\/uploads\/2021\/12\/pexels-pixabay-62674.jpeg 2272w, https:\/\/moto-racing-darmstadt.de\/wp-content\/uploads\/2021\/12\/pexels-pixabay-62674-300x225.jpeg 300w, https:\/\/moto-racing-darmstadt.de\/wp-content\/uploads\/2021\/12\/pexels-pixabay-62674-1024x768.jpeg 1024w, https:\/\/moto-racing-darmstadt.de\/wp-content\/uploads\/2021\/12\/pexels-pixabay-62674-768x576.jpeg 768w, https:\/\/moto-racing-darmstadt.de\/wp-content\/uploads\/2021\/12\/pexels-pixabay-62674-1536x1152.jpeg 1536w, https:\/\/moto-racing-darmstadt.de\/wp-content\/uploads\/2021\/12\/pexels-pixabay-62674-2048x1536.jpeg 2048w\" sizes=\"auto, (max-width: 2272px) 100vw, 2272px\" \/><div class=\"wp-block-cover__inner-container is-layout-flow wp-block-cover-is-layout-flow\">\n<h2 class=\"alignwide has-text-color wp-block-heading\" style=\"color:#ffe074;font-size:64px\">Design.<br>Build.<br>Ride.<\/h2>\n\n\n\n<p><\/p>\n<\/div><\/div>\n\n\n\n<div style=\"height:100px\" aria-hidden=\"true\" class=\"wp-block-spacer\"><\/div>\n\n\n\n<h2 class=\"wp-block-heading\">Die studentische Motorrad Gruppe aus Darmstadt<\/h2>\n\n\n\n<p>Moto Racing Darmstadt e.V. ist die studentische Motorrad Gruppe in Darmstadt. Ziel des Vereins ist es, Studenten die M\u00f6glichkeit zu bieten, tiefe und praktische Erfahrungen im Bereich der Motorradtechnik zu sammeln und sich mit anderen Motorrad-Begeisterten zu treffen und auszutauschen. Aus diesem Grund nehmen wir an dem internationalen Studentenwettbewerb MotoStudent teil, bei dem wir als Team Motorr\u00e4der konstruieren und bauen. Au\u00dferdem bieten wir Raum f\u00fcr gemeinsame Aktivit\u00e4ten und den Austausch \u00fcber Technik und vieles mehr.<\/p>\n\n\n\n<div style=\"height:100px\" aria-hidden=\"true\" class=\"wp-block-spacer\"><\/div>\n","protected":false},"excerpt":{"rendered":"<p>Die studentische Motorrad Gruppe aus Darmstadt Moto Racing Darmstadt e.V. ist die studentische Motorrad Gruppe in Darmstadt. Ziel des Vereins ist es, Studenten die M\u00f6glichkeit zu bieten, tiefe und praktische Erfahrungen im Bereich der Motorradtechnik zu sammeln und sich mit anderen Motorrad-Begeisterten zu treffen und auszutauschen. Aus diesem Grund nehmen wir an dem internationalen Studentenwettbewerb [&hellip;]<\/p>\n","protected":false},"author":1,"featured_media":0,"parent":0,"menu_order":0,"comment_status":"closed","ping_status":"closed","template":"","meta":{"site-sidebar-layout":"default","site-content-layout":"plain-container","ast-site-content-layout":"default","site-content-style":"default","site-sidebar-style":"default","ast-global-header-display":"","ast-banner-title-visibility":"","ast-main-header-display":"","ast-hfb-above-header-display":"","ast-hfb-below-header-display":"","ast-hfb-mobile-header-display":"","site-post-title":"disabled","ast-breadcrumbs-content":"","ast-featured-img":"","footer-sml-layout":"","ast-disable-related-posts":"","theme-transparent-header-meta":"","adv-header-id-meta":"","stick-header-meta":"","header-above-stick-meta":"","header-main-stick-meta":"","header-below-stick-meta":"","astra-migrate-meta-layouts":"default","ast-page-background-enabled":"default","ast-page-background-meta":{"desktop":{"background-color":"var(--ast-global-color-4)","background-image":"","background-repeat":"repeat","background-position":"center center","background-size":"auto","background-attachment":"scroll","background-type":"","background-media":"","overlay-type":"","overlay-color":"","overlay-opacity":"","overlay-gradient":""},"tablet":{"background-color":"","background-image":"","background-repeat":"repeat","background-position":"center center","background-size":"auto","background-attachment":"scroll","background-type":"","background-media":"","overlay-type":"","overlay-color":"","overlay-opacity":"","overlay-gradient":""},"mobile":{"background-color":"","background-image":"","background-repeat":"repeat","background-position":"center center","background-size":"auto","background-attachment":"scroll","background-type":"","background-media":"","overlay-type":"","overlay-color":"","overlay-opacity":"","overlay-gradient":""}},"ast-content-background-meta":{"desktop":{"background-color":"var(--ast-global-color-5)","background-image":"","background-repeat":"repeat","background-position":"center center","background-size":"auto","background-attachment":"scroll","background-type":"","background-media":"","overlay-type":"","overlay-color":"","overlay-opacity":"","overlay-gradient":""},"tablet":{"background-color":"var(--ast-global-color-5)","background-image":"","background-repeat":"repeat","background-position":"center center","background-size":"auto","background-attachment":"scroll","background-type":"","background-media":"","overlay-type":"","overlay-color":"","overlay-opacity":"","overlay-gradient":""},"mobile":{"background-color":"var(--ast-global-color-5)","background-image":"","background-repeat":"repeat","background-position":"center center","background-size":"auto","background-attachment":"scroll","background-type":"","background-media":"","overlay-type":"","overlay-color":"","overlay-opacity":"","overlay-gradient":""}},"footnotes":""},"class_list":["post-10","page","type-page","status-publish","hentry"],"yoast_head":"<!-- This site is optimized with the Yoast SEO plugin v20.2.1 - https:\/\/yoast.com\/wordpress\/plugins\/seo\/ -->\n<title>Startseite - Moto Racing Darmstadt e. V.<\/title>\n<meta name=\"robots\" content=\"noindex, follow, max-snippet:-1, max-image-preview:large, max-video-preview:-1\" \/>\n<meta property=\"og:locale\" content=\"de_DE\" \/>\n<meta property=\"og:type\" content=\"article\" \/>\n<meta property=\"og:title\" content=\"Startseite - Moto Racing Darmstadt e. V.\" \/>\n<meta property=\"og:description\" content=\"Die studentische Motorrad Gruppe aus Darmstadt Moto Racing Darmstadt e.V. ist die studentische Motorrad Gruppe in Darmstadt. Ziel des Vereins ist es, Studenten die M\u00f6glichkeit zu bieten, tiefe und praktische Erfahrungen im Bereich der Motorradtechnik zu sammeln und sich mit anderen Motorrad-Begeisterten zu treffen und auszutauschen. Aus diesem Grund nehmen wir an dem internationalen Studentenwettbewerb [&hellip;]\" \/>\n<meta property=\"og:url\" content=\"https:\/\/moto-racing-darmstadt.de\/\" \/>\n<meta property=\"og:site_name\" content=\"Moto Racing Darmstadt e. V.\" \/>\n<meta property=\"article:modified_time\" content=\"2022-03-06T16:29:03+00:00\" \/>\n<meta property=\"og:image\" content=\"https:\/\/moto-racing-darmstadt.de\/wp-content\/uploads\/2021\/12\/pexels-pixabay-62674.jpeg\" \/>\n<meta name=\"twitter:card\" content=\"summary_large_image\" \/>\n<meta name=\"twitter:label1\" content=\"Gesch\u00e4tzte Lesezeit\" \/>\n\t<meta name=\"twitter:data1\" content=\"1\u00a0Minute\" \/>\n<script type=\"application\/ld+json\" class=\"yoast-schema-graph\">{\"@context\":\"https:\/\/schema.org\",\"@graph\":[{\"@type\":\"WebPage\",\"@id\":\"https:\/\/moto-racing-darmstadt.de\/\",\"url\":\"https:\/\/moto-racing-darmstadt.de\/\",\"name\":\"Startseite - Moto Racing Darmstadt e. V.\",\"isPartOf\":{\"@id\":\"https:\/\/moto-racing-darmstadt.de\/#website\"},\"datePublished\":\"2021-12-08T21:01:31+00:00\",\"dateModified\":\"2022-03-06T16:29:03+00:00\",\"breadcrumb\":{\"@id\":\"https:\/\/moto-racing-darmstadt.de\/#breadcrumb\"},\"inLanguage\":\"de\",\"potentialAction\":[{\"@type\":\"ReadAction\",\"target\":[\"https:\/\/moto-racing-darmstadt.de\/\"]}]},{\"@type\":\"BreadcrumbList\",\"@id\":\"https:\/\/moto-racing-darmstadt.de\/#breadcrumb\",\"itemListElement\":[{\"@type\":\"ListItem\",\"position\":1,\"name\":\"Startseite\",\"item\":\"https:\/\/moto-racing-darmstadt.de\/\"},{\"@type\":\"ListItem\",\"position\":2,\"name\":\"Startseite\"}]},{\"@type\":\"WebSite\",\"@id\":\"https:\/\/moto-racing-darmstadt.de\/#website\",\"url\":\"https:\/\/moto-racing-darmstadt.de\/\",\"name\":\"Moto Racing Darmstadt e. V.\",\"description\":\"Die studentische Motorrad Gruppe aus Darmstadt\",\"potentialAction\":[{\"@type\":\"SearchAction\",\"target\":{\"@type\":\"EntryPoint\",\"urlTemplate\":\"https:\/\/moto-racing-darmstadt.de\/?s={search_term_string}\"},\"query-input\":\"required name=search_term_string\"}],\"inLanguage\":\"de\"}]}<\/script>\n<!-- \/ Yoast SEO plugin. -->","yoast_head_json":{"title":"Startseite - Moto Racing Darmstadt e. V.","robots":{"index":"noindex","follow":"follow","max-snippet":"max-snippet:-1","max-image-preview":"max-image-preview:large","max-video-preview":"max-video-preview:-1"},"og_locale":"de_DE","og_type":"article","og_title":"Startseite - Moto Racing Darmstadt e. V.","og_description":"Die studentische Motorrad Gruppe aus Darmstadt Moto Racing Darmstadt e.V. ist die studentische Motorrad Gruppe in Darmstadt. Ziel des Vereins ist es, Studenten die M\u00f6glichkeit zu bieten, tiefe und praktische Erfahrungen im Bereich der Motorradtechnik zu sammeln und sich mit anderen Motorrad-Begeisterten zu treffen und auszutauschen. Aus diesem Grund nehmen wir an dem internationalen Studentenwettbewerb [&hellip;]","og_url":"https:\/\/moto-racing-darmstadt.de\/","og_site_name":"Moto Racing Darmstadt e. V.","article_modified_time":"2022-03-06T16:29:03+00:00","og_image":[{"url":"https:\/\/moto-racing-darmstadt.de\/wp-content\/uploads\/2021\/12\/pexels-pixabay-62674.jpeg"}],"twitter_card":"summary_large_image","twitter_misc":{"Gesch\u00e4tzte Lesezeit":"1\u00a0Minute"},"schema":{"@context":"https:\/\/schema.org","@graph":[{"@type":"WebPage","@id":"https:\/\/moto-racing-darmstadt.de\/","url":"https:\/\/moto-racing-darmstadt.de\/","name":"Startseite - Moto Racing Darmstadt e. V.","isPartOf":{"@id":"https:\/\/moto-racing-darmstadt.de\/#website"},"datePublished":"2021-12-08T21:01:31+00:00","dateModified":"2022-03-06T16:29:03+00:00","breadcrumb":{"@id":"https:\/\/moto-racing-darmstadt.de\/#breadcrumb"},"inLanguage":"de","potentialAction":[{"@type":"ReadAction","target":["https:\/\/moto-racing-darmstadt.de\/"]}]},{"@type":"BreadcrumbList","@id":"https:\/\/moto-racing-darmstadt.de\/#breadcrumb","itemListElement":[{"@type":"ListItem","position":1,"name":"Startseite","item":"https:\/\/moto-racing-darmstadt.de\/"},{"@type":"ListItem","position":2,"name":"Startseite"}]},{"@type":"WebSite","@id":"https:\/\/moto-racing-darmstadt.de\/#website","url":"https:\/\/moto-racing-darmstadt.de\/","name":"Moto Racing Darmstadt e. V.","description":"Die studentische Motorrad Gruppe aus Darmstadt","potentialAction":[{"@type":"SearchAction","target":{"@type":"EntryPoint","urlTemplate":"https:\/\/moto-racing-darmstadt.de\/?s={search_term_string}"},"query-input":"required name=search_term_string"}],"inLanguage":"de"}]}},"_links":{"self":[{"href":"https:\/\/moto-racing-darmstadt.de\/index.php\/wp-json\/wp\/v2\/pages\/10","targetHints":{"allow":["GET"]}}],"collection":[{"href":"https:\/\/moto-racing-darmstadt.de\/index.php\/wp-json\/wp\/v2\/pages"}],"about":[{"href":"https:\/\/moto-racing-darmstadt.de\/index.php\/wp-json\/wp\/v2\/types\/page"}],"author":[{"embeddable":true,"href":"https:\/\/moto-racing-darmstadt.de\/index.php\/wp-json\/wp\/v2\/users\/1"}],"replies":[{"embeddable":true,"href":"https:\/\/moto-racing-darmstadt.de\/index.php\/wp-json\/wp\/v2\/comments?post=10"}],"version-history":[{"count":34,"href":"https:\/\/moto-racing-darmstadt.de\/index.php\/wp-json\/wp\/v2\/pages\/10\/revisions"}],"predecessor-version":[{"id":146,"href":"https:\/\/moto-racing-darmstadt.de\/index.php\/wp-json\/wp\/v2\/pages\/10\/revisions\/146"}],"wp:attachment":[{"href":"https:\/\/moto-racing-darmstadt.de\/index.php\/wp-json\/wp\/v2\/media?parent=10"}],"curies":[{"name":"wp","href":"https:\/\/api.w.org\/{rel}","templated":true}]}}