{"id":137,"date":"2022-03-06T16:07:42","date_gmt":"2022-03-06T16:07:42","guid":{"rendered":"https:\/\/moto-racing-darmstadt.de\/?page_id=137"},"modified":"2022-03-09T22:39:02","modified_gmt":"2022-03-09T22:39:02","slug":"mitmachen","status":"publish","type":"page","link":"https:\/\/moto-racing-darmstadt.de\/index.php\/mitmachen\/","title":{"rendered":"Mitmachen"},"content":{"rendered":"\n<p>Du hast Benzin im Blut oder stehst voll unter Strom? Du hast Lust auf Konstruieren, Schrauben und Fahren? Dann bist Du bei uns gold richtig! Wir freuen uns \u00fcber jedes neue Mitglied, das f\u00fcr motorisierte Zweir\u00e4der brennt. Schreib uns einfach und wir laden Dich gerne zu unserem n\u00e4chsten Vereinstreffen oder Stammtisch ein.<\/p>\n\n\n<div class=\"wpforms-container wpforms-container-full contact-form\" id=\"wpforms-139\"><form id=\"wpforms-form-139\" class=\"wpforms-validate wpforms-form wpforms-ajax-form\" data-formid=\"139\" method=\"post\" enctype=\"multipart\/form-data\" action=\"\/index.php\/wp-json\/wp\/v2\/pages\/137\" data-token=\"1394a20f5eb633e213e25ed9aa8602dc\"><noscript class=\"wpforms-error-noscript\">Bitte aktiviere JavaScript in deinem Browser, um dieses Formular fertigzustellen.<\/noscript><div class=\"wpforms-field-container\"><div id=\"wpforms-139-field_0-container\" class=\"wpforms-field wpforms-field-name\" data-field-id=\"0\"><label class=\"wpforms-field-label\" for=\"wpforms-139-field_0\">Name <span class=\"wpforms-required-label\">*<\/span><\/label><div class=\"wpforms-field-row wpforms-field-medium\"><div class=\"wpforms-field-row-block wpforms-first wpforms-one-half\"><input type=\"text\" id=\"wpforms-139-field_0\" class=\"wpforms-field-name-first wpforms-field-required\" name=\"wpforms[fields][0][first]\" required><label for=\"wpforms-139-field_0\" class=\"wpforms-field-sublabel after \">Vorname<\/label><\/div><div class=\"wpforms-field-row-block wpforms-one-half\"><input type=\"text\" id=\"wpforms-139-field_0-last\" class=\"wpforms-field-name-last wpforms-field-required\" name=\"wpforms[fields][0][last]\" required><label for=\"wpforms-139-field_0-last\" class=\"wpforms-field-sublabel after \">Nachname<\/label><\/div><\/div><\/div><div id=\"wpforms-139-field_3-container\" class=\"wpforms-field wpforms-field-text\" data-field-id=\"3\"><label class=\"wpforms-field-label\" for=\"wpforms-139-field_3\">Hochschule<\/label><input type=\"text\" id=\"wpforms-139-field_3\" class=\"wpforms-field-medium\" name=\"wpforms[fields][3]\" ><\/div><div id=\"wpforms-139-field_5-container\" class=\"wpforms-field wpforms-field-text\" data-field-id=\"5\"><label class=\"wpforms-field-label\" for=\"wpforms-139-field_5\">Studiengang<\/label><input type=\"text\" id=\"wpforms-139-field_5\" class=\"wpforms-field-medium\" name=\"wpforms[fields][5]\" ><\/div><div id=\"wpforms-139-field_1-container\" class=\"wpforms-field wpforms-field-email\" data-field-id=\"1\"><label class=\"wpforms-field-label\" for=\"wpforms-139-field_1\">Email <span class=\"wpforms-required-label\">*<\/span><\/label><input type=\"email\" id=\"wpforms-139-field_1\" class=\"wpforms-field-medium wpforms-field-required\" name=\"wpforms[fields][1]\" required><\/div><div id=\"wpforms-139-field_2-container\" class=\"wpforms-field wpforms-field-textarea\" data-field-id=\"2\"><label class=\"wpforms-field-label\" for=\"wpforms-139-field_2\">Nachricht <span class=\"wpforms-required-label\">*<\/span><\/label><textarea id=\"wpforms-139-field_2\" class=\"wpforms-field-medium wpforms-field-required\" name=\"wpforms[fields][2]\" required><\/textarea><\/div><div id=\"wpforms-139-field_4-container\" class=\"wpforms-field wpforms-field-gdpr-checkbox\" data-field-id=\"4\"><label class=\"wpforms-field-label\" for=\"wpforms-139-field_4\">DSGVO-Einverst\u00e4ndnis <span class=\"wpforms-required-label\">*<\/span><\/label><ul id=\"wpforms-139-field_4\" class=\"wpforms-field-required\"><li class=\"choice-1\"><input type=\"checkbox\" id=\"wpforms-139-field_4_1\" name=\"wpforms[fields][4][]\" value=\"Ich willige ein, dass diese Website meine \u00fcbermittelten Informationen speichert, sodass meine Anfrage beantwortet werden kann.\" required ><label class=\"wpforms-field-label-inline\" for=\"wpforms-139-field_4_1\">Ich willige ein, dass diese Website meine \u00fcbermittelten Informationen speichert, sodass meine Anfrage beantwortet werden kann.<\/label><\/li><\/ul><\/div><\/div><input type=\"hidden\" name=\"wpforms[recaptcha]\" value=\"\"><div class=\"wpforms-submit-container\"><input type=\"hidden\" name=\"wpforms[id]\" value=\"139\"><input type=\"hidden\" name=\"wpforms[author]\" value=\"1\"><button type=\"submit\" name=\"wpforms[submit]\" id=\"wpforms-submit-139\" class=\"wpforms-submit contact-form-button\" data-alt-text=\"Nachricht wird versendet ...\" data-submit-text=\"Senden\" aria-live=\"assertive\" value=\"wpforms-submit\">Senden<\/button><img loading=\"lazy\" decoding=\"async\" src=\"https:\/\/moto-racing-darmstadt.de\/wp-content\/plugins\/wpforms-lite\/assets\/images\/submit-spin.svg\" class=\"wpforms-submit-spinner\" style=\"display: none;\" width=\"26\" height=\"26\" alt=\"Wird geladen\"><\/div><\/form><\/div>  <!-- .wpforms-container -->","protected":false},"excerpt":{"rendered":"<p>Du hast Benzin im Blut oder stehst voll unter Strom? Du hast Lust auf Konstruieren, Schrauben und Fahren? Dann bist Du bei uns gold richtig! Wir freuen uns \u00fcber jedes neue Mitglied, das f\u00fcr motorisierte Zweir\u00e4der brennt. Schreib uns einfach und wir laden Dich gerne zu unserem n\u00e4chsten Vereinstreffen oder Stammtisch ein.<\/p>\n","protected":false},"author":1,"featured_media":0,"parent":0,"menu_order":0,"comment_status":"closed","ping_status":"closed","template":"","meta":{"site-sidebar-layout":"default","site-content-layout":"","ast-site-content-layout":"default","site-content-style":"default","site-sidebar-style":"default","ast-global-header-display":"","ast-banner-title-visibility":"","ast-main-header-display":"","ast-hfb-above-header-display":"","ast-hfb-below-header-display":"","ast-hfb-mobile-header-display":"","site-post-title":"","ast-breadcrumbs-content":"","ast-featured-img":"","footer-sml-layout":"","ast-disable-related-posts":"","theme-transparent-header-meta":"","adv-header-id-meta":"","stick-header-meta":"","header-above-stick-meta":"","header-main-stick-meta":"","header-below-stick-meta":"","astra-migrate-meta-layouts":"default","ast-page-background-enabled":"default","ast-page-background-meta":{"desktop":{"background-color":"var(--ast-global-color-4)","background-image":"","background-repeat":"repeat","background-position":"center center","background-size":"auto","background-attachment":"scroll","background-type":"","background-media":"","overlay-type":"","overlay-color":"","overlay-opacity":"","overlay-gradient":""},"tablet":{"background-color":"","background-image":"","background-repeat":"repeat","background-position":"center center","background-size":"auto","background-attachment":"scroll","background-type":"","background-media":"","overlay-type":"","overlay-color":"","overlay-opacity":"","overlay-gradient":""},"mobile":{"background-color":"","background-image":"","background-repeat":"repeat","background-position":"center center","background-size":"auto","background-attachment":"scroll","background-type":"","background-media":"","overlay-type":"","overlay-color":"","overlay-opacity":"","overlay-gradient":""}},"ast-content-background-meta":{"desktop":{"background-color":"var(--ast-global-color-5)","background-image":"","background-repeat":"repeat","background-position":"center center","background-size":"auto","background-attachment":"scroll","background-type":"","background-media":"","overlay-type":"","overlay-color":"","overlay-opacity":"","overlay-gradient":""},"tablet":{"background-color":"var(--ast-global-color-5)","background-image":"","background-repeat":"repeat","background-position":"center center","background-size":"auto","background-attachment":"scroll","background-type":"","background-media":"","overlay-type":"","overlay-color":"","overlay-opacity":"","overlay-gradient":""},"mobile":{"background-color":"var(--ast-global-color-5)","background-image":"","background-repeat":"repeat","background-position":"center center","background-size":"auto","background-attachment":"scroll","background-type":"","background-media":"","overlay-type":"","overlay-color":"","overlay-opacity":"","overlay-gradient":""}},"footnotes":""},"class_list":["post-137","page","type-page","status-publish","hentry"],"yoast_head":"<!-- This site is optimized with the Yoast SEO plugin v20.2.1 - https:\/\/yoast.com\/wordpress\/plugins\/seo\/ -->\n<title>Mitmachen - Moto Racing Darmstadt e. V.<\/title>\n<meta name=\"robots\" content=\"noindex, follow, max-snippet:-1, max-image-preview:large, max-video-preview:-1\" \/>\n<meta property=\"og:locale\" content=\"de_DE\" \/>\n<meta property=\"og:type\" content=\"article\" \/>\n<meta property=\"og:title\" content=\"Mitmachen - Moto Racing Darmstadt e. V.\" \/>\n<meta property=\"og:description\" content=\"Du hast Benzin im Blut oder stehst voll unter Strom? Du hast Lust auf Konstruieren, Schrauben und Fahren? Dann bist Du bei uns gold richtig! Wir freuen uns \u00fcber jedes neue Mitglied, das f\u00fcr motorisierte Zweir\u00e4der brennt. Schreib uns einfach und wir laden Dich gerne zu unserem n\u00e4chsten Vereinstreffen oder Stammtisch ein.\" \/>\n<meta property=\"og:url\" content=\"https:\/\/moto-racing-darmstadt.de\/index.php\/mitmachen\/\" \/>\n<meta property=\"og:site_name\" content=\"Moto Racing Darmstadt e. V.\" \/>\n<meta property=\"article:modified_time\" content=\"2022-03-09T22:39:02+00:00\" \/>\n<meta name=\"twitter:card\" content=\"summary_large_image\" \/>\n<meta name=\"twitter:label1\" content=\"Gesch\u00e4tzte Lesezeit\" \/>\n\t<meta name=\"twitter:data1\" content=\"1\u00a0Minute\" \/>\n<script type=\"application\/ld+json\" class=\"yoast-schema-graph\">{\"@context\":\"https:\/\/schema.org\",\"@graph\":[{\"@type\":\"WebPage\",\"@id\":\"https:\/\/moto-racing-darmstadt.de\/index.php\/mitmachen\/\",\"url\":\"https:\/\/moto-racing-darmstadt.de\/index.php\/mitmachen\/\",\"name\":\"Mitmachen - Moto Racing Darmstadt e. V.\",\"isPartOf\":{\"@id\":\"https:\/\/moto-racing-darmstadt.de\/#website\"},\"datePublished\":\"2022-03-06T16:07:42+00:00\",\"dateModified\":\"2022-03-09T22:39:02+00:00\",\"breadcrumb\":{\"@id\":\"https:\/\/moto-racing-darmstadt.de\/index.php\/mitmachen\/#breadcrumb\"},\"inLanguage\":\"de\",\"potentialAction\":[{\"@type\":\"ReadAction\",\"target\":[\"https:\/\/moto-racing-darmstadt.de\/index.php\/mitmachen\/\"]}]},{\"@type\":\"BreadcrumbList\",\"@id\":\"https:\/\/moto-racing-darmstadt.de\/index.php\/mitmachen\/#breadcrumb\",\"itemListElement\":[{\"@type\":\"ListItem\",\"position\":1,\"name\":\"Startseite\",\"item\":\"https:\/\/moto-racing-darmstadt.de\/\"},{\"@type\":\"ListItem\",\"position\":2,\"name\":\"Mitmachen\"}]},{\"@type\":\"WebSite\",\"@id\":\"https:\/\/moto-racing-darmstadt.de\/#website\",\"url\":\"https:\/\/moto-racing-darmstadt.de\/\",\"name\":\"Moto Racing Darmstadt e. V.\",\"description\":\"Die studentische Motorrad Gruppe aus Darmstadt\",\"potentialAction\":[{\"@type\":\"SearchAction\",\"target\":{\"@type\":\"EntryPoint\",\"urlTemplate\":\"https:\/\/moto-racing-darmstadt.de\/?s={search_term_string}\"},\"query-input\":\"required name=search_term_string\"}],\"inLanguage\":\"de\"}]}<\/script>\n<!-- \/ Yoast SEO plugin. -->","yoast_head_json":{"title":"Mitmachen - Moto Racing Darmstadt e. V.","robots":{"index":"noindex","follow":"follow","max-snippet":"max-snippet:-1","max-image-preview":"max-image-preview:large","max-video-preview":"max-video-preview:-1"},"og_locale":"de_DE","og_type":"article","og_title":"Mitmachen - Moto Racing Darmstadt e. V.","og_description":"Du hast Benzin im Blut oder stehst voll unter Strom? Du hast Lust auf Konstruieren, Schrauben und Fahren? Dann bist Du bei uns gold richtig! Wir freuen uns \u00fcber jedes neue Mitglied, das f\u00fcr motorisierte Zweir\u00e4der brennt. Schreib uns einfach und wir laden Dich gerne zu unserem n\u00e4chsten Vereinstreffen oder Stammtisch ein.","og_url":"https:\/\/moto-racing-darmstadt.de\/index.php\/mitmachen\/","og_site_name":"Moto Racing Darmstadt e. V.","article_modified_time":"2022-03-09T22:39:02+00:00","twitter_card":"summary_large_image","twitter_misc":{"Gesch\u00e4tzte Lesezeit":"1\u00a0Minute"},"schema":{"@context":"https:\/\/schema.org","@graph":[{"@type":"WebPage","@id":"https:\/\/moto-racing-darmstadt.de\/index.php\/mitmachen\/","url":"https:\/\/moto-racing-darmstadt.de\/index.php\/mitmachen\/","name":"Mitmachen - Moto Racing Darmstadt e. V.","isPartOf":{"@id":"https:\/\/moto-racing-darmstadt.de\/#website"},"datePublished":"2022-03-06T16:07:42+00:00","dateModified":"2022-03-09T22:39:02+00:00","breadcrumb":{"@id":"https:\/\/moto-racing-darmstadt.de\/index.php\/mitmachen\/#breadcrumb"},"inLanguage":"de","potentialAction":[{"@type":"ReadAction","target":["https:\/\/moto-racing-darmstadt.de\/index.php\/mitmachen\/"]}]},{"@type":"BreadcrumbList","@id":"https:\/\/moto-racing-darmstadt.de\/index.php\/mitmachen\/#breadcrumb","itemListElement":[{"@type":"ListItem","position":1,"name":"Startseite","item":"https:\/\/moto-racing-darmstadt.de\/"},{"@type":"ListItem","position":2,"name":"Mitmachen"}]},{"@type":"WebSite","@id":"https:\/\/moto-racing-darmstadt.de\/#website","url":"https:\/\/moto-racing-darmstadt.de\/","name":"Moto Racing Darmstadt e. V.","description":"Die studentische Motorrad Gruppe aus Darmstadt","potentialAction":[{"@type":"SearchAction","target":{"@type":"EntryPoint","urlTemplate":"https:\/\/moto-racing-darmstadt.de\/?s={search_term_string}"},"query-input":"required name=search_term_string"}],"inLanguage":"de"}]}},"_links":{"self":[{"href":"https:\/\/moto-racing-darmstadt.de\/index.php\/wp-json\/wp\/v2\/pages\/137","targetHints":{"allow":["GET"]}}],"collection":[{"href":"https:\/\/moto-racing-darmstadt.de\/index.php\/wp-json\/wp\/v2\/pages"}],"about":[{"href":"https:\/\/moto-racing-darmstadt.de\/index.php\/wp-json\/wp\/v2\/types\/page"}],"author":[{"embeddable":true,"href":"https:\/\/moto-racing-darmstadt.de\/index.php\/wp-json\/wp\/v2\/users\/1"}],"replies":[{"embeddable":true,"href":"https:\/\/moto-racing-darmstadt.de\/index.php\/wp-json\/wp\/v2\/comments?post=137"}],"version-history":[{"count":5,"href":"https:\/\/moto-racing-darmstadt.de\/index.php\/wp-json\/wp\/v2\/pages\/137\/revisions"}],"predecessor-version":[{"id":197,"href":"https:\/\/moto-racing-darmstadt.de\/index.php\/wp-json\/wp\/v2\/pages\/137\/revisions\/197"}],"wp:attachment":[{"href":"https:\/\/moto-racing-darmstadt.de\/index.php\/wp-json\/wp\/v2\/media?parent=137"}],"curies":[{"name":"wp","href":"https:\/\/api.w.org\/{rel}","templated":true}]}}