{"id":155,"date":"2022-03-09T20:33:48","date_gmt":"2022-03-09T20:33:48","guid":{"rendered":"https:\/\/moto-racing-darmstadt.de\/?page_id=155"},"modified":"2022-03-09T20:37:12","modified_gmt":"2022-03-09T20:37:12","slug":"motostudent","status":"publish","type":"page","link":"https:\/\/moto-racing-darmstadt.de\/index.php\/motostudent\/","title":{"rendered":"MotoStudent"},"content":{"rendered":"\n<figure class=\"wp-block-embed is-type-video is-provider-youtube wp-block-embed-youtube wp-embed-aspect-16-9 wp-has-aspect-ratio\"><div class=\"wp-block-embed__wrapper\">\n<iframe loading=\"lazy\" title=\"MotoStudent International Competition - Ready to fight for your dreams?\" width=\"500\" height=\"281\" src=\"https:\/\/www.youtube.com\/embed\/Y08nY6cc7fk?feature=oembed\" frameborder=\"0\" allow=\"accelerometer; autoplay; clipboard-write; encrypted-media; gyroscope; picture-in-picture; web-share\" referrerpolicy=\"strict-origin-when-cross-origin\" allowfullscreen><\/iframe>\n<\/div><\/figure>\n\n\n\n<h2 class=\"wp-block-heading\">Was ist die MotoStudent?<\/h2>\n\n\n\n<p>Die Moto Engineering Foundation und der TechnoPark MotorLand f\u00f6rdern den internationalen MotoStudent-Wettbewerb, eine Herausforderung f\u00fcr Studententeams aus der ganzen Welt.<\/p>\n\n\n\n<p>Das Ziel f\u00fcr die Studenten ist es, ihr w\u00e4hrend des Studiums erworbenes Wissen in einem realen Industrieprojekt anzuwenden, indem sie einen echten Prototyp eines Rennmotorrads entwerfen, entwickeln und herstellen, der im MotorLand Aragon FIM Circuit bewertet und getestet wird. Es gibt zwei Kategorien:<\/p>\n\n\n\n<ul class=\"wp-block-list\"><li>MotoStudent Petrol (Verbrennungsmotor)<\/li><li>MotoStudent Electric (100% elektrisches Antriebssystem)<\/li><\/ul>\n\n\n\n<p>MotoStudent selbst stellt eine Herausforderung f\u00fcr die Studenten dar, die ihre Kreativit\u00e4t und Innovationsf\u00e4higkeit unter Beweis stellen m\u00fcssen, um ihre technischen F\u00e4higkeiten \u00fcber einen Zeitraum von drei Semestern direkt gegen andere Teams von Universit\u00e4ten aus der ganzen Welt anzuwenden.<\/p>\n","protected":false},"excerpt":{"rendered":"<p>Was ist die MotoStudent? Die Moto Engineering Foundation und der TechnoPark MotorLand f\u00f6rdern den internationalen MotoStudent-Wettbewerb, eine Herausforderung f\u00fcr Studententeams aus der ganzen Welt. Das Ziel f\u00fcr die Studenten ist es, ihr w\u00e4hrend des Studiums erworbenes Wissen in einem realen Industrieprojekt anzuwenden, indem sie einen echten Prototyp eines Rennmotorrads entwerfen, entwickeln und herstellen, der im [&hellip;]<\/p>\n","protected":false},"author":1,"featured_media":0,"parent":0,"menu_order":0,"comment_status":"closed","ping_status":"closed","template":"","meta":{"site-sidebar-layout":"default","site-content-layout":"","ast-site-content-layout":"default","site-content-style":"default","site-sidebar-style":"default","ast-global-header-display":"","ast-banner-title-visibility":"","ast-main-header-display":"","ast-hfb-above-header-display":"","ast-hfb-below-header-display":"","ast-hfb-mobile-header-display":"","site-post-title":"","ast-breadcrumbs-content":"","ast-featured-img":"","footer-sml-layout":"","ast-disable-related-posts":"","theme-transparent-header-meta":"","adv-header-id-meta":"","stick-header-meta":"","header-above-stick-meta":"","header-main-stick-meta":"","header-below-stick-meta":"","astra-migrate-meta-layouts":"default","ast-page-background-enabled":"default","ast-page-background-meta":{"desktop":{"background-color":"var(--ast-global-color-4)","background-image":"","background-repeat":"repeat","background-position":"center center","background-size":"auto","background-attachment":"scroll","background-type":"","background-media":"","overlay-type":"","overlay-color":"","overlay-opacity":"","overlay-gradient":""},"tablet":{"background-color":"","background-image":"","background-repeat":"repeat","background-position":"center center","background-size":"auto","background-attachment":"scroll","background-type":"","background-media":"","overlay-type":"","overlay-color":"","overlay-opacity":"","overlay-gradient":""},"mobile":{"background-color":"","background-image":"","background-repeat":"repeat","background-position":"center center","background-size":"auto","background-attachment":"scroll","background-type":"","background-media":"","overlay-type":"","overlay-color":"","overlay-opacity":"","overlay-gradient":""}},"ast-content-background-meta":{"desktop":{"background-color":"var(--ast-global-color-5)","background-image":"","background-repeat":"repeat","background-position":"center center","background-size":"auto","background-attachment":"scroll","background-type":"","background-media":"","overlay-type":"","overlay-color":"","overlay-opacity":"","overlay-gradient":""},"tablet":{"background-color":"var(--ast-global-color-5)","background-image":"","background-repeat":"repeat","background-position":"center center","background-size":"auto","background-attachment":"scroll","background-type":"","background-media":"","overlay-type":"","overlay-color":"","overlay-opacity":"","overlay-gradient":""},"mobile":{"background-color":"var(--ast-global-color-5)","background-image":"","background-repeat":"repeat","background-position":"center center","background-size":"auto","background-attachment":"scroll","background-type":"","background-media":"","overlay-type":"","overlay-color":"","overlay-opacity":"","overlay-gradient":""}},"footnotes":""},"class_list":["post-155","page","type-page","status-publish","hentry"],"yoast_head":"<!-- This site is optimized with the Yoast SEO plugin v20.2.1 - https:\/\/yoast.com\/wordpress\/plugins\/seo\/ -->\n<title>MotoStudent - Moto Racing Darmstadt e. V.<\/title>\n<meta name=\"robots\" content=\"noindex, follow, max-snippet:-1, max-image-preview:large, max-video-preview:-1\" \/>\n<meta property=\"og:locale\" content=\"de_DE\" \/>\n<meta property=\"og:type\" content=\"article\" \/>\n<meta property=\"og:title\" content=\"MotoStudent - Moto Racing Darmstadt e. V.\" \/>\n<meta property=\"og:description\" content=\"Was ist die MotoStudent? Die Moto Engineering Foundation und der TechnoPark MotorLand f\u00f6rdern den internationalen MotoStudent-Wettbewerb, eine Herausforderung f\u00fcr Studententeams aus der ganzen Welt. Das Ziel f\u00fcr die Studenten ist es, ihr w\u00e4hrend des Studiums erworbenes Wissen in einem realen Industrieprojekt anzuwenden, indem sie einen echten Prototyp eines Rennmotorrads entwerfen, entwickeln und herstellen, der im [&hellip;]\" \/>\n<meta property=\"og:url\" content=\"https:\/\/moto-racing-darmstadt.de\/index.php\/motostudent\/\" \/>\n<meta property=\"og:site_name\" content=\"Moto Racing Darmstadt e. V.\" \/>\n<meta property=\"article:modified_time\" content=\"2022-03-09T20:37:12+00:00\" \/>\n<meta name=\"twitter:card\" content=\"summary_large_image\" \/>\n<meta name=\"twitter:label1\" content=\"Gesch\u00e4tzte Lesezeit\" \/>\n\t<meta name=\"twitter:data1\" content=\"1\u00a0Minute\" \/>\n<script type=\"application\/ld+json\" class=\"yoast-schema-graph\">{\"@context\":\"https:\/\/schema.org\",\"@graph\":[{\"@type\":\"WebPage\",\"@id\":\"https:\/\/moto-racing-darmstadt.de\/index.php\/motostudent\/\",\"url\":\"https:\/\/moto-racing-darmstadt.de\/index.php\/motostudent\/\",\"name\":\"MotoStudent - Moto Racing Darmstadt e. V.\",\"isPartOf\":{\"@id\":\"https:\/\/moto-racing-darmstadt.de\/#website\"},\"datePublished\":\"2022-03-09T20:33:48+00:00\",\"dateModified\":\"2022-03-09T20:37:12+00:00\",\"breadcrumb\":{\"@id\":\"https:\/\/moto-racing-darmstadt.de\/index.php\/motostudent\/#breadcrumb\"},\"inLanguage\":\"de\",\"potentialAction\":[{\"@type\":\"ReadAction\",\"target\":[\"https:\/\/moto-racing-darmstadt.de\/index.php\/motostudent\/\"]}]},{\"@type\":\"BreadcrumbList\",\"@id\":\"https:\/\/moto-racing-darmstadt.de\/index.php\/motostudent\/#breadcrumb\",\"itemListElement\":[{\"@type\":\"ListItem\",\"position\":1,\"name\":\"Startseite\",\"item\":\"https:\/\/moto-racing-darmstadt.de\/\"},{\"@type\":\"ListItem\",\"position\":2,\"name\":\"MotoStudent\"}]},{\"@type\":\"WebSite\",\"@id\":\"https:\/\/moto-racing-darmstadt.de\/#website\",\"url\":\"https:\/\/moto-racing-darmstadt.de\/\",\"name\":\"Moto Racing Darmstadt e. V.\",\"description\":\"Die studentische Motorrad Gruppe aus Darmstadt\",\"potentialAction\":[{\"@type\":\"SearchAction\",\"target\":{\"@type\":\"EntryPoint\",\"urlTemplate\":\"https:\/\/moto-racing-darmstadt.de\/?s={search_term_string}\"},\"query-input\":\"required name=search_term_string\"}],\"inLanguage\":\"de\"}]}<\/script>\n<!-- \/ Yoast SEO plugin. -->","yoast_head_json":{"title":"MotoStudent - Moto Racing Darmstadt e. V.","robots":{"index":"noindex","follow":"follow","max-snippet":"max-snippet:-1","max-image-preview":"max-image-preview:large","max-video-preview":"max-video-preview:-1"},"og_locale":"de_DE","og_type":"article","og_title":"MotoStudent - Moto Racing Darmstadt e. V.","og_description":"Was ist die MotoStudent? Die Moto Engineering Foundation und der TechnoPark MotorLand f\u00f6rdern den internationalen MotoStudent-Wettbewerb, eine Herausforderung f\u00fcr Studententeams aus der ganzen Welt. Das Ziel f\u00fcr die Studenten ist es, ihr w\u00e4hrend des Studiums erworbenes Wissen in einem realen Industrieprojekt anzuwenden, indem sie einen echten Prototyp eines Rennmotorrads entwerfen, entwickeln und herstellen, der im [&hellip;]","og_url":"https:\/\/moto-racing-darmstadt.de\/index.php\/motostudent\/","og_site_name":"Moto Racing Darmstadt e. V.","article_modified_time":"2022-03-09T20:37:12+00:00","twitter_card":"summary_large_image","twitter_misc":{"Gesch\u00e4tzte Lesezeit":"1\u00a0Minute"},"schema":{"@context":"https:\/\/schema.org","@graph":[{"@type":"WebPage","@id":"https:\/\/moto-racing-darmstadt.de\/index.php\/motostudent\/","url":"https:\/\/moto-racing-darmstadt.de\/index.php\/motostudent\/","name":"MotoStudent - Moto Racing Darmstadt e. V.","isPartOf":{"@id":"https:\/\/moto-racing-darmstadt.de\/#website"},"datePublished":"2022-03-09T20:33:48+00:00","dateModified":"2022-03-09T20:37:12+00:00","breadcrumb":{"@id":"https:\/\/moto-racing-darmstadt.de\/index.php\/motostudent\/#breadcrumb"},"inLanguage":"de","potentialAction":[{"@type":"ReadAction","target":["https:\/\/moto-racing-darmstadt.de\/index.php\/motostudent\/"]}]},{"@type":"BreadcrumbList","@id":"https:\/\/moto-racing-darmstadt.de\/index.php\/motostudent\/#breadcrumb","itemListElement":[{"@type":"ListItem","position":1,"name":"Startseite","item":"https:\/\/moto-racing-darmstadt.de\/"},{"@type":"ListItem","position":2,"name":"MotoStudent"}]},{"@type":"WebSite","@id":"https:\/\/moto-racing-darmstadt.de\/#website","url":"https:\/\/moto-racing-darmstadt.de\/","name":"Moto Racing Darmstadt e. V.","description":"Die studentische Motorrad Gruppe aus Darmstadt","potentialAction":[{"@type":"SearchAction","target":{"@type":"EntryPoint","urlTemplate":"https:\/\/moto-racing-darmstadt.de\/?s={search_term_string}"},"query-input":"required name=search_term_string"}],"inLanguage":"de"}]}},"_links":{"self":[{"href":"https:\/\/moto-racing-darmstadt.de\/index.php\/wp-json\/wp\/v2\/pages\/155","targetHints":{"allow":["GET"]}}],"collection":[{"href":"https:\/\/moto-racing-darmstadt.de\/index.php\/wp-json\/wp\/v2\/pages"}],"about":[{"href":"https:\/\/moto-racing-darmstadt.de\/index.php\/wp-json\/wp\/v2\/types\/page"}],"author":[{"embeddable":true,"href":"https:\/\/moto-racing-darmstadt.de\/index.php\/wp-json\/wp\/v2\/users\/1"}],"replies":[{"embeddable":true,"href":"https:\/\/moto-racing-darmstadt.de\/index.php\/wp-json\/wp\/v2\/comments?post=155"}],"version-history":[{"count":2,"href":"https:\/\/moto-racing-darmstadt.de\/index.php\/wp-json\/wp\/v2\/pages\/155\/revisions"}],"predecessor-version":[{"id":157,"href":"https:\/\/moto-racing-darmstadt.de\/index.php\/wp-json\/wp\/v2\/pages\/155\/revisions\/157"}],"wp:attachment":[{"href":"https:\/\/moto-racing-darmstadt.de\/index.php\/wp-json\/wp\/v2\/media?parent=155"}],"curies":[{"name":"wp","href":"https:\/\/api.w.org\/{rel}","templated":true}]}}